{"id":11090,"date":"2026-02-11T23:49:53","date_gmt":"2026-02-11T23:49:53","guid":{"rendered":"https:\/\/batiments.es\/?page_id=11090"},"modified":"2026-02-11T23:54:11","modified_gmt":"2026-02-11T23:54:11","slug":"politica-della-qualita","status":"publish","type":"page","link":"https:\/\/batiments.es\/it\/politica-della-qualita\/","title":{"rendered":"Politica della qualit\u00e0"},"content":{"rendered":"\t\t<div data-elementor-type=\"wp-page\" data-elementor-id=\"11090\" class=\"elementor elementor-11090\" data-elementor-post-type=\"page\">\n\t\t\t\t\t\t<section class=\"elementor-section elementor-top-section elementor-element elementor-element-bd7e76c elementor-section-boxed elementor-section-height-default elementor-section-height-default\" data-id=\"bd7e76c\" data-element_type=\"section\">\n\t\t\t\t\t\t<div class=\"elementor-container elementor-column-gap-default\">\n\t\t\t\t\t<div class=\"elementor-column elementor-col-100 elementor-top-column elementor-element elementor-element-a08e870\" data-id=\"a08e870\" data-element_type=\"column\">\n\t\t\t<div class=\"elementor-widget-wrap elementor-element-populated\">\n\t\t\t\t\t\t<div class=\"elementor-element elementor-element-a1d69fa elementor-widget elementor-widget-spacer\" data-id=\"a1d69fa\" data-element_type=\"widget\" data-widget_type=\"spacer.default\">\n\t\t\t\t<div class=\"elementor-widget-container\">\n\t\t\t\t\t\t\t<div class=\"elementor-spacer\">\n\t\t\t<div class=\"elementor-spacer-inner\"><\/div>\n\t\t<\/div>\n\t\t\t\t\t\t<\/div>\n\t\t\t\t<\/div>\n\t\t\t\t\t<\/div>\n\t\t<\/div>\n\t\t\t\t\t<\/div>\n\t\t<\/section>\n\t\t\t\t<section class=\"elementor-section elementor-top-section elementor-element elementor-element-f30d786 elementor-section-boxed elementor-section-height-default elementor-section-height-default\" data-id=\"f30d786\" data-element_type=\"section\">\n\t\t\t\t\t\t<div class=\"elementor-container elementor-column-gap-default\">\n\t\t\t\t\t<div class=\"elementor-column elementor-col-100 elementor-top-column elementor-element elementor-element-4bbb41b\" data-id=\"4bbb41b\" data-element_type=\"column\">\n\t\t\t<div class=\"elementor-widget-wrap elementor-element-populated\">\n\t\t\t\t\t\t<div class=\"elementor-element elementor-element-2b8191c elementor-widget elementor-widget-text-editor\" data-id=\"2b8191c\" data-element_type=\"widget\" data-widget_type=\"text-editor.default\">\n\t\t\t\t<div class=\"elementor-widget-container\">\n\t\t\t\t\t\t\t\t\t<h2 style=\"text-align: center;\"><strong>POLITICA DI QUALIT\u00c0<\/strong><\/h2><p>In <strong>B\u00e2timentsMarchandisesInternationaux, S.L.<\/strong>, in qualit\u00e0 di <strong>operatore logistico doganale (magazzinaggio e trasporto merci su strada, incluso ADR)<\/strong>, il nostro impegno \u00e8 quello di fornirvi un servizio logistico di alta qualit\u00e0, supportando la vostra attivit\u00e0 in tutto il mondo e cercando le migliori opzioni per voi e i vostri clienti, sempre con il trattamento che meritate. Diamo priorit\u00e0 al vostro tempo, alle vostre risorse e alla vostra tranquillit\u00e0.<\/p><p>Inoltre, il nostro obiettivo fondamentale \u00e8 fornire ai clienti un servizio che soddisfi le loro esigenze, offrendo soluzioni concrete a problemi specifici, nel rispetto della legislazione vigente. Per rafforzare il proprio impegno per la Qualit\u00e0, l&#8217;Organizzazione ha deciso di implementare un Sistema di Gestione della Qualit\u00e0, conforme alla norma internazionale UNE-EN-ISO 9001:2015.<br \/>La qualit\u00e0 \u00e8 un impegno aziendale e una responsabilit\u00e0 individuale di ogni membro del team, che deve riflettersi in azioni concrete che proiettino un&#8217;immagine di <strong>B\u00e2timentsMarchandisesInternationaux<\/strong>, sia internamente che esternamente, sinonimo di professionalit\u00e0 e qualit\u00e0 del servizio ai nostri clienti.<\/p><p>Per raggiungere la massima soddisfazione del cliente, applicheremo e guideremo il nostro sistema per raggiungere i seguenti obiettivi:<br \/>\u00b7 Monitorare costantemente la nostra risposta alle richieste e alle aspettative dei nostri clienti.<\/p><p>\u00b7 Impegnarci a rispettare tutte le normative e le leggi applicabili, nonch\u00e9 gli standard delle organizzazioni e\/o dei gruppi a cui apparteniamo.<\/p><p>\u00b7 Fornire le risorse appropriate affinch\u00e9 tutto il personale possa identificare ed eliminare liberamente gli ostacoli che impediscono il miglioramento della qualit\u00e0 sul posto di lavoro, ottenendo cos\u00ec un miglioramento continuo.<\/p><p>\u2022 Correggere eventuali non conformit\u00e0 che si presentano, implementando al contempo misure preventive per evitarne il ripetersi.<\/p><p>\u2022 Considerare il miglioramento continuo un obiettivo permanente che aumenta la qualit\u00e0 percepita dai nostri clienti.<\/p><p>\u2022 Promuovere un ambiente partecipativo tra i dipendenti, integrandoli nell&#8217;obiettivo comune e migliorando la comunicazione per facilitare il lavoro di squadra, il riconoscimento individuale e i suggerimenti di miglioramento.<\/p><p>\u2022 Considerare il rispetto delle scadenze di servizio, la puntualit\u00e0 e il mantenimento della fiducia tra clienti e fornitori come aspetti chiave delle attivit\u00e0 quotidiane dell&#8217;azienda.<\/p><p>La presente Politica per la Qualit\u00e0 viene comunicata a tutti i dipendenti dell&#8217;azienda tramite affissione nei locali aziendali ed \u00e8 pubblicamente disponibile a chiunque desideri prenderne visione. Annualmente, in concomitanza con il riesame della direzione, la presente politica viene riesaminata per determinare se sia necessario aggiungere o modificare punti per riflettere i cambiamenti nelle attivit\u00e0 aziendali, garantendone in ogni momento l&#8217;adeguatezza al funzionamento dell&#8217;azienda.<\/p><p>Approvata dalla Direzione il 14 novembre 2025<\/p>\t\t\t\t\t\t\t\t<\/div>\n\t\t\t\t<\/div>\n\t\t\t\t\t<\/div>\n\t\t<\/div>\n\t\t\t\t\t<\/div>\n\t\t<\/section>\n\t\t\t\t<\/div>\n\t\t","protected":false},"excerpt":{"rendered":"<p>POLITICA DI QUALIT\u00c0 In B\u00e2timentsMarchandisesInternationaux, S.L., in qualit\u00e0 di operatore logistico doganale (magazzinaggio e trasporto merci su strada, incluso ADR), il nostro impegno \u00e8 quello di fornirvi un servizio logistico di alta qualit\u00e0, supportando la vostra attivit\u00e0 in tutto il mondo e cercando le migliori opzioni per voi e i vostri clienti, sempre con il [&hellip;]<\/p>\n","protected":false},"author":1,"featured_media":0,"parent":0,"menu_order":0,"comment_status":"closed","ping_status":"closed","template":"","meta":{"content-type":"","site-sidebar-layout":"no-sidebar","site-content-layout":"page-builder","ast-site-content-layout":"full-width-container","site-content-style":"default","site-sidebar-style":"default","ast-global-header-display":"","ast-banner-title-visibility":"","ast-main-header-display":"","ast-hfb-above-header-display":"","ast-hfb-below-header-display":"","ast-hfb-mobile-header-display":"","site-post-title":"disabled","ast-breadcrumbs-content":"","ast-featured-img":"disabled","footer-sml-layout":"","theme-transparent-header-meta":"","adv-header-id-meta":"","stick-header-meta":"","header-above-stick-meta":"","header-main-stick-meta":"","header-below-stick-meta":"","astra-migrate-meta-layouts":"default","ast-page-background-enabled":"default","ast-page-background-meta":{"desktop":{"background-color":"","background-image":"","background-repeat":"repeat","background-position":"center center","background-size":"auto","background-attachment":"scroll","background-type":"","background-media":"","overlay-type":"","overlay-color":"","overlay-opacity":"","overlay-gradient":""},"tablet":{"background-color":"","background-image":"","background-repeat":"repeat","background-position":"center center","background-size":"auto","background-attachment":"scroll","background-type":"","background-media":"","overlay-type":"","overlay-color":"","overlay-opacity":"","overlay-gradient":""},"mobile":{"background-color":"","background-image":"","background-repeat":"repeat","background-position":"center center","background-size":"auto","background-attachment":"scroll","background-type":"","background-media":"","overlay-type":"","overlay-color":"","overlay-opacity":"","overlay-gradient":""}},"ast-content-background-meta":{"desktop":{"background-color":"var(--ast-global-color-5)","background-image":"","background-repeat":"repeat","background-position":"center center","background-size":"auto","background-attachment":"scroll","background-type":"","background-media":"","overlay-type":"","overlay-color":"","overlay-opacity":"","overlay-gradient":""},"tablet":{"background-color":"var(--ast-global-color-5)","background-image":"","background-repeat":"repeat","background-position":"center center","background-size":"auto","background-attachment":"scroll","background-type":"","background-media":"","overlay-type":"","overlay-color":"","overlay-opacity":"","overlay-gradient":""},"mobile":{"background-color":"var(--ast-global-color-5)","background-image":"","background-repeat":"repeat","background-position":"center center","background-size":"auto","background-attachment":"scroll","background-type":"","background-media":"","overlay-type":"","overlay-color":"","overlay-opacity":"","overlay-gradient":""}},"footnotes":""},"class_list":["post-11090","page","type-page","status-publish","hentry"],"yoast_head":"<!-- This site is optimized with the Yoast SEO plugin v24.4 - https:\/\/yoast.com\/wordpress\/plugins\/seo\/ -->\n<title>Politica della qualit\u00e0 - B\u00e2timents<\/title>\n<meta name=\"robots\" content=\"index, follow, max-snippet:-1, max-image-preview:large, max-video-preview:-1\" \/>\n<link rel=\"canonical\" href=\"https:\/\/batiments.es\/it\/politica-della-qualita\/\" \/>\n<meta property=\"og:locale\" content=\"it_IT\" \/>\n<meta property=\"og:type\" content=\"article\" \/>\n<meta property=\"og:title\" content=\"Politica della qualit\u00e0 - B\u00e2timents\" \/>\n<meta property=\"og:description\" content=\"POLITICA DI QUALIT\u00c0 In B\u00e2timentsMarchandisesInternationaux, S.L., in qualit\u00e0 di operatore logistico doganale (magazzinaggio e trasporto merci su strada, incluso ADR), il nostro impegno \u00e8 quello di fornirvi un servizio logistico di alta qualit\u00e0, supportando la vostra attivit\u00e0 in tutto il mondo e cercando le migliori opzioni per voi e i vostri clienti, sempre con il [&hellip;]\" \/>\n<meta property=\"og:url\" content=\"https:\/\/batiments.es\/it\/politica-della-qualita\/\" \/>\n<meta property=\"og:site_name\" content=\"B\u00e2timents\" \/>\n<meta property=\"article:modified_time\" content=\"2026-02-11T23:54:11+00:00\" \/>\n<meta name=\"twitter:card\" content=\"summary_large_image\" \/>\n<meta name=\"twitter:label1\" content=\"Tempo di lettura stimato\" \/>\n\t<meta name=\"twitter:data1\" content=\"3 minuti\" \/>\n<script type=\"application\/ld+json\" class=\"yoast-schema-graph\">{\"@context\":\"https:\/\/schema.org\",\"@graph\":[{\"@type\":\"WebPage\",\"@id\":\"https:\/\/batiments.es\/it\/politica-della-qualita\/\",\"url\":\"https:\/\/batiments.es\/it\/politica-della-qualita\/\",\"name\":\"Politica della qualit\u00e0 - B\u00e2timents\",\"isPartOf\":{\"@id\":\"https:\/\/batiments.es\/#website\"},\"datePublished\":\"2026-02-11T23:49:53+00:00\",\"dateModified\":\"2026-02-11T23:54:11+00:00\",\"breadcrumb\":{\"@id\":\"https:\/\/batiments.es\/it\/politica-della-qualita\/#breadcrumb\"},\"inLanguage\":\"it-IT\",\"potentialAction\":[{\"@type\":\"ReadAction\",\"target\":[\"https:\/\/batiments.es\/it\/politica-della-qualita\/\"]}]},{\"@type\":\"BreadcrumbList\",\"@id\":\"https:\/\/batiments.es\/it\/politica-della-qualita\/#breadcrumb\",\"itemListElement\":[{\"@type\":\"ListItem\",\"position\":1,\"name\":\"b\u00e2timents\",\"item\":\"https:\/\/batiments.es\/\"},{\"@type\":\"ListItem\",\"position\":2,\"name\":\"Politica della qualit\u00e0\"}]},{\"@type\":\"WebSite\",\"@id\":\"https:\/\/batiments.es\/#website\",\"url\":\"https:\/\/batiments.es\/\",\"name\":\"B\u00e2timents\",\"description\":\"\",\"publisher\":{\"@id\":\"https:\/\/batiments.es\/#organization\"},\"potentialAction\":[{\"@type\":\"SearchAction\",\"target\":{\"@type\":\"EntryPoint\",\"urlTemplate\":\"https:\/\/batiments.es\/?s={search_term_string}\"},\"query-input\":{\"@type\":\"PropertyValueSpecification\",\"valueRequired\":true,\"valueName\":\"search_term_string\"}}],\"inLanguage\":\"it-IT\"},{\"@type\":\"Organization\",\"@id\":\"https:\/\/batiments.es\/#organization\",\"name\":\"B\u00e2timents\",\"url\":\"https:\/\/batiments.es\/\",\"logo\":{\"@type\":\"ImageObject\",\"inLanguage\":\"it-IT\",\"@id\":\"https:\/\/batiments.es\/#\/schema\/logo\/image\/\",\"url\":\"https:\/\/batiments.es\/wp-content\/uploads\/2021\/06\/logo_blanc.png\",\"contentUrl\":\"https:\/\/batiments.es\/wp-content\/uploads\/2021\/06\/logo_blanc.png\",\"width\":396,\"height\":80,\"caption\":\"B\u00e2timents\"},\"image\":{\"@id\":\"https:\/\/batiments.es\/#\/schema\/logo\/image\/\"}}]}<\/script>\n<!-- \/ Yoast SEO plugin. -->","yoast_head_json":{"title":"Politica della qualit\u00e0 - B\u00e2timents","robots":{"index":"index","follow":"follow","max-snippet":"max-snippet:-1","max-image-preview":"max-image-preview:large","max-video-preview":"max-video-preview:-1"},"canonical":"https:\/\/batiments.es\/it\/politica-della-qualita\/","og_locale":"it_IT","og_type":"article","og_title":"Politica della qualit\u00e0 - B\u00e2timents","og_description":"POLITICA DI QUALIT\u00c0 In B\u00e2timentsMarchandisesInternationaux, S.L., in qualit\u00e0 di operatore logistico doganale (magazzinaggio e trasporto merci su strada, incluso ADR), il nostro impegno \u00e8 quello di fornirvi un servizio logistico di alta qualit\u00e0, supportando la vostra attivit\u00e0 in tutto il mondo e cercando le migliori opzioni per voi e i vostri clienti, sempre con il [&hellip;]","og_url":"https:\/\/batiments.es\/it\/politica-della-qualita\/","og_site_name":"B\u00e2timents","article_modified_time":"2026-02-11T23:54:11+00:00","twitter_card":"summary_large_image","twitter_misc":{"Tempo di lettura stimato":"3 minuti"},"schema":{"@context":"https:\/\/schema.org","@graph":[{"@type":"WebPage","@id":"https:\/\/batiments.es\/it\/politica-della-qualita\/","url":"https:\/\/batiments.es\/it\/politica-della-qualita\/","name":"Politica della qualit\u00e0 - B\u00e2timents","isPartOf":{"@id":"https:\/\/batiments.es\/#website"},"datePublished":"2026-02-11T23:49:53+00:00","dateModified":"2026-02-11T23:54:11+00:00","breadcrumb":{"@id":"https:\/\/batiments.es\/it\/politica-della-qualita\/#breadcrumb"},"inLanguage":"it-IT","potentialAction":[{"@type":"ReadAction","target":["https:\/\/batiments.es\/it\/politica-della-qualita\/"]}]},{"@type":"BreadcrumbList","@id":"https:\/\/batiments.es\/it\/politica-della-qualita\/#breadcrumb","itemListElement":[{"@type":"ListItem","position":1,"name":"b\u00e2timents","item":"https:\/\/batiments.es\/"},{"@type":"ListItem","position":2,"name":"Politica della qualit\u00e0"}]},{"@type":"WebSite","@id":"https:\/\/batiments.es\/#website","url":"https:\/\/batiments.es\/","name":"B\u00e2timents","description":"","publisher":{"@id":"https:\/\/batiments.es\/#organization"},"potentialAction":[{"@type":"SearchAction","target":{"@type":"EntryPoint","urlTemplate":"https:\/\/batiments.es\/?s={search_term_string}"},"query-input":{"@type":"PropertyValueSpecification","valueRequired":true,"valueName":"search_term_string"}}],"inLanguage":"it-IT"},{"@type":"Organization","@id":"https:\/\/batiments.es\/#organization","name":"B\u00e2timents","url":"https:\/\/batiments.es\/","logo":{"@type":"ImageObject","inLanguage":"it-IT","@id":"https:\/\/batiments.es\/#\/schema\/logo\/image\/","url":"https:\/\/batiments.es\/wp-content\/uploads\/2021\/06\/logo_blanc.png","contentUrl":"https:\/\/batiments.es\/wp-content\/uploads\/2021\/06\/logo_blanc.png","width":396,"height":80,"caption":"B\u00e2timents"},"image":{"@id":"https:\/\/batiments.es\/#\/schema\/logo\/image\/"}}]}},"_links":{"self":[{"href":"https:\/\/batiments.es\/it\/wp-json\/wp\/v2\/pages\/11090","targetHints":{"allow":["GET"]}}],"collection":[{"href":"https:\/\/batiments.es\/it\/wp-json\/wp\/v2\/pages"}],"about":[{"href":"https:\/\/batiments.es\/it\/wp-json\/wp\/v2\/types\/page"}],"author":[{"embeddable":true,"href":"https:\/\/batiments.es\/it\/wp-json\/wp\/v2\/users\/1"}],"replies":[{"embeddable":true,"href":"https:\/\/batiments.es\/it\/wp-json\/wp\/v2\/comments?post=11090"}],"version-history":[{"count":6,"href":"https:\/\/batiments.es\/it\/wp-json\/wp\/v2\/pages\/11090\/revisions"}],"predecessor-version":[{"id":11096,"href":"https:\/\/batiments.es\/it\/wp-json\/wp\/v2\/pages\/11090\/revisions\/11096"}],"wp:attachment":[{"href":"https:\/\/batiments.es\/it\/wp-json\/wp\/v2\/media?parent=11090"}],"curies":[{"name":"wp","href":"https:\/\/api.w.org\/{rel}","templated":true}]}}